{"id":15656,"date":"2023-06-12T07:30:48","date_gmt":"2023-06-12T07:30:48","guid":{"rendered":"https:\/\/yoguicafe.mx\/?post_type=product&#038;p=15656"},"modified":"2025-08-23T14:27:09","modified_gmt":"2025-08-23T14:27:09","slug":"cafe-milano-blend","status":"publish","type":"product","link":"https:\/\/yoguicafe.mx\/index.php\/producto\/cafe-milano-blend\/","title":{"rendered":"Milano"},"content":{"rendered":"\t\t<div data-elementor-type=\"wp-post\" data-elementor-id=\"15656\" class=\"elementor elementor-15656\">\n\t\t\t\t\t\t\t\t\t<section class=\"wd-negative-gap elementor-section elementor-top-section elementor-element elementor-element-ab4ab1d elementor-section-boxed elementor-section-height-default elementor-section-height-default wd-section-disabled\" data-id=\"ab4ab1d\" data-element_type=\"section\">\n\t\t\t\t\t\t<div class=\"elementor-container elementor-column-gap-default\">\n\t\t\t\t\t<div class=\"elementor-column elementor-col-50 elementor-top-column elementor-element elementor-element-55df336\" data-id=\"55df336\" data-element_type=\"column\">\n\t\t\t<div class=\"elementor-widget-wrap elementor-element-populated\">\n\t\t\t\t\t\t\t\t<div class=\"elementor-element elementor-element-f14d410 elementor-widget elementor-widget-wd_text_block\" data-id=\"f14d410\" data-element_type=\"widget\" data-widget_type=\"wd_text_block.default\">\n\t\t\t\t<div class=\"elementor-widget-container\">\n\t\t\t\t\t<div class=\"wd-text-block reset-last-child text-left\">\n\t\t\t\n\t\t\t<h3>Caf\u00e9 Blend Milano<\/h3><p class=\"font_3 wixui-rich-text__text\"><span class=\"wixui-rich-text__text\">Ubicada en Huatusco, en la zona central del estado de Veracruz, Finca de la Vequia cuenta con una tradici\u00f3n cafetalera que ha sido heredada a lo largo de m\u00e1s de tres generaciones dedicadas al cultivo y cuidado del caf\u00e9.<\/span><\/p><blockquote><p><span class=\"wixui-rich-text__text\">Desde las altas monta\u00f1as de Veracruz, donde nuestras manos, son la esencia del respeto y cuidado por la naturaleza, que forma parte de nuestras vidas.<\/span><\/p><\/blockquote><p><span class=\"wixui-rich-text__text\">Desde sus fundadores, el conocimiento, trabajo en equipo y la constancia en la producci\u00f3n de un caf\u00e9 de la m\u00e1s alta calidad, as\u00ed como el respeto por la naturaleza, se han compartido con cada persona que forma parte Finca de la Vequia.<\/span><\/p>\n\t\t\t\t\t<\/div>\n\t\t\t\t<\/div>\n\t\t\t\t<\/div>\n\t\t\t\t\t<\/div>\n\t\t<\/div>\n\t\t\t\t<div class=\"elementor-column elementor-col-50 elementor-top-column elementor-element elementor-element-70db5d1\" data-id=\"70db5d1\" data-element_type=\"column\">\n\t\t\t<div class=\"elementor-widget-wrap elementor-element-populated\">\n\t\t\t\t\t\t\t\t<div class=\"elementor-element elementor-element-87753bb elementor-widget elementor-widget-wd_image_or_svg\" data-id=\"87753bb\" data-element_type=\"widget\" data-widget_type=\"wd_image_or_svg.default\">\n\t\t\t\t<div class=\"elementor-widget-container\">\n\t\t\t\n\t\t<div class=\"wd-image text-left\">\n\t\t\t\t\t\t\t\t<img loading=\"lazy\" decoding=\"async\" width=\"600\" height=\"400\" src=\"https:\/\/yoguicafe.mx\/wp-content\/uploads\/2021\/08\/finca-la-vequia.jpg\" class=\"attachment-full size-full wp-image-15630\" alt=\"finca-la-vequia-huatusco-cafe\" srcset=\"https:\/\/yoguicafe.mx\/wp-content\/uploads\/2021\/08\/finca-la-vequia.jpg 600w, https:\/\/yoguicafe.mx\/wp-content\/uploads\/2021\/08\/finca-la-vequia-400x267.jpg 400w, https:\/\/yoguicafe.mx\/wp-content\/uploads\/2021\/08\/finca-la-vequia-430x287.jpg 430w, https:\/\/yoguicafe.mx\/wp-content\/uploads\/2021\/08\/finca-la-vequia-150x100.jpg 150w\" sizes=\"auto, (max-width: 600px) 100vw, 600px\" \/>\t\t\t\t\t<\/div>\n\n\t\t\t\t<\/div>\n\t\t\t\t<\/div>\n\t\t\t\t\t<\/div>\n\t\t<\/div>\n\t\t\t\t\t\t\t<\/div>\n\t\t<\/section>\n\t\t\t\t\t\t\t<\/div>\n\t\t","protected":false},"excerpt":{"rendered":"<p>\u2022 Caf\u00e9 ar\u00e1bica<br \/>\n\u2022 Proceso natural y lavado<br \/>\n\u2022 Tostado medio alto<br \/>\n\u2022 Altura 1300m<br \/>\n\u2022 Fragancia afrutado a nueces y flores dulces<br \/>\n\u2022 Notas de sabor cacao, chocolate dulce y nuez<\/p>\n","protected":false},"featured_media":15661,"comment_status":"open","ping_status":"closed","template":"","meta":[],"product_cat":[75],"product_tag":[],"class_list":["post-15656","product","type-product","status-publish","has-post-thumbnail","hentry","product_cat-blend"],"yoast_head":"<!-- This site is optimized with the Yoast SEO plugin v20.3 - https:\/\/yoast.com\/wordpress\/plugins\/seo\/ -->\n<title>Milano - Yogui Caf\u00e9<\/title>\n<meta name=\"description\" content=\"Caf\u00e9 ar\u00e1bica con proceso natural y lavado, tostado medio alto, altura 1,300m, fragancia afrutado a nueces y flores dulces. Un buen caf\u00e9 inspira la uni\u00f3n de la naturaleza con el ser humano.\" \/>\n<meta name=\"robots\" content=\"index, follow, max-snippet:-1, max-image-preview:large, max-video-preview:-1\" \/>\n<link rel=\"canonical\" href=\"https:\/\/yoguicafe.mx\/index.php\/producto\/cafe-milano-blend\/\" \/>\n<meta property=\"og:locale\" content=\"es_ES\" \/>\n<meta property=\"og:type\" content=\"article\" \/>\n<meta property=\"og:title\" content=\"Milano - Yogui Caf\u00e9\" \/>\n<meta property=\"og:description\" content=\"Caf\u00e9 ar\u00e1bica con proceso natural y lavado, tostado medio alto, altura 1,300m, fragancia afrutado a nueces y flores dulces. Un buen caf\u00e9 inspira la uni\u00f3n de la naturaleza con el ser humano.\" \/>\n<meta property=\"og:url\" content=\"https:\/\/yoguicafe.mx\/index.php\/producto\/cafe-milano-blend\/\" \/>\n<meta property=\"og:site_name\" content=\"Yogui Caf\u00e9\" \/>\n<meta property=\"article:modified_time\" content=\"2025-08-23T14:27:09+00:00\" \/>\n<meta property=\"og:image\" content=\"https:\/\/yoguicafe.mx\/wp-content\/uploads\/2023\/06\/cafe-blend-milano_500g.jpg\" \/>\n\t<meta property=\"og:image:width\" content=\"800\" \/>\n\t<meta property=\"og:image:height\" content=\"800\" \/>\n\t<meta property=\"og:image:type\" content=\"image\/jpeg\" \/>\n<meta name=\"twitter:card\" content=\"summary_large_image\" \/>\n<meta name=\"twitter:label1\" content=\"Tiempo de lectura\" \/>\n\t<meta name=\"twitter:data1\" content=\"1 minuto\" \/>\n<script type=\"application\/ld+json\" class=\"yoast-schema-graph\">{\"@context\":\"https:\/\/schema.org\",\"@graph\":[{\"@type\":\"WebPage\",\"@id\":\"https:\/\/yoguicafe.mx\/index.php\/producto\/cafe-milano-blend\/\",\"url\":\"https:\/\/yoguicafe.mx\/index.php\/producto\/cafe-milano-blend\/\",\"name\":\"Milano - Yogui Caf\u00e9\",\"isPartOf\":{\"@id\":\"https:\/\/yoguicafe.mx\/#website\"},\"datePublished\":\"2023-06-12T07:30:48+00:00\",\"dateModified\":\"2025-08-23T14:27:09+00:00\",\"description\":\"Caf\u00e9 ar\u00e1bica con proceso natural y lavado, tostado medio alto, altura 1,300m, fragancia afrutado a nueces y flores dulces. Un buen caf\u00e9 inspira la uni\u00f3n de la naturaleza con el ser humano.\",\"breadcrumb\":{\"@id\":\"https:\/\/yoguicafe.mx\/index.php\/producto\/cafe-milano-blend\/#breadcrumb\"},\"inLanguage\":\"es\",\"potentialAction\":[{\"@type\":\"ReadAction\",\"target\":[\"https:\/\/yoguicafe.mx\/index.php\/producto\/cafe-milano-blend\/\"]}]},{\"@type\":\"BreadcrumbList\",\"@id\":\"https:\/\/yoguicafe.mx\/index.php\/producto\/cafe-milano-blend\/#breadcrumb\",\"itemListElement\":[{\"@type\":\"ListItem\",\"position\":1,\"name\":\"Portada\",\"item\":\"https:\/\/yoguicafe.mx\/\"},{\"@type\":\"ListItem\",\"position\":2,\"name\":\"Shop\",\"item\":\"https:\/\/yoguicafe.mx\/index.php\/shop\/\"},{\"@type\":\"ListItem\",\"position\":3,\"name\":\"Milano\"}]},{\"@type\":\"WebSite\",\"@id\":\"https:\/\/yoguicafe.mx\/#website\",\"url\":\"https:\/\/yoguicafe.mx\/\",\"name\":\"Yogui Caf\u00e9\",\"description\":\"Caf\u00e9, arte y smoothies\",\"publisher\":{\"@id\":\"https:\/\/yoguicafe.mx\/#organization\"},\"potentialAction\":[{\"@type\":\"SearchAction\",\"target\":{\"@type\":\"EntryPoint\",\"urlTemplate\":\"https:\/\/yoguicafe.mx\/?s={search_term_string}\"},\"query-input\":\"required name=search_term_string\"}],\"inLanguage\":\"es\"},{\"@type\":\"Organization\",\"@id\":\"https:\/\/yoguicafe.mx\/#organization\",\"name\":\"Yogui Caf\u00e9\",\"url\":\"https:\/\/yoguicafe.mx\/\",\"logo\":{\"@type\":\"ImageObject\",\"inLanguage\":\"es\",\"@id\":\"https:\/\/yoguicafe.mx\/#\/schema\/logo\/image\/\",\"url\":\"https:\/\/yoguicafe.mx\/wp-content\/uploads\/2023\/03\/LOGO-YOGUI_OK.png\",\"contentUrl\":\"https:\/\/yoguicafe.mx\/wp-content\/uploads\/2023\/03\/LOGO-YOGUI_OK.png\",\"width\":394,\"height\":155,\"caption\":\"Yogui Caf\u00e9\"},\"image\":{\"@id\":\"https:\/\/yoguicafe.mx\/#\/schema\/logo\/image\/\"}}]}<\/script>\n<!-- \/ Yoast SEO plugin. -->","yoast_head_json":{"title":"Milano - Yogui Caf\u00e9","description":"Caf\u00e9 ar\u00e1bica con proceso natural y lavado, tostado medio alto, altura 1,300m, fragancia afrutado a nueces y flores dulces. Un buen caf\u00e9 inspira la uni\u00f3n de la naturaleza con el ser humano.","robots":{"index":"index","follow":"follow","max-snippet":"max-snippet:-1","max-image-preview":"max-image-preview:large","max-video-preview":"max-video-preview:-1"},"canonical":"https:\/\/yoguicafe.mx\/index.php\/producto\/cafe-milano-blend\/","og_locale":"es_ES","og_type":"article","og_title":"Milano - Yogui Caf\u00e9","og_description":"Caf\u00e9 ar\u00e1bica con proceso natural y lavado, tostado medio alto, altura 1,300m, fragancia afrutado a nueces y flores dulces. Un buen caf\u00e9 inspira la uni\u00f3n de la naturaleza con el ser humano.","og_url":"https:\/\/yoguicafe.mx\/index.php\/producto\/cafe-milano-blend\/","og_site_name":"Yogui Caf\u00e9","article_modified_time":"2025-08-23T14:27:09+00:00","og_image":[{"width":800,"height":800,"url":"https:\/\/yoguicafe.mx\/wp-content\/uploads\/2023\/06\/cafe-blend-milano_500g.jpg","type":"image\/jpeg"}],"twitter_card":"summary_large_image","twitter_misc":{"Tiempo de lectura":"1 minuto"},"schema":{"@context":"https:\/\/schema.org","@graph":[{"@type":"WebPage","@id":"https:\/\/yoguicafe.mx\/index.php\/producto\/cafe-milano-blend\/","url":"https:\/\/yoguicafe.mx\/index.php\/producto\/cafe-milano-blend\/","name":"Milano - Yogui Caf\u00e9","isPartOf":{"@id":"https:\/\/yoguicafe.mx\/#website"},"datePublished":"2023-06-12T07:30:48+00:00","dateModified":"2025-08-23T14:27:09+00:00","description":"Caf\u00e9 ar\u00e1bica con proceso natural y lavado, tostado medio alto, altura 1,300m, fragancia afrutado a nueces y flores dulces. Un buen caf\u00e9 inspira la uni\u00f3n de la naturaleza con el ser humano.","breadcrumb":{"@id":"https:\/\/yoguicafe.mx\/index.php\/producto\/cafe-milano-blend\/#breadcrumb"},"inLanguage":"es","potentialAction":[{"@type":"ReadAction","target":["https:\/\/yoguicafe.mx\/index.php\/producto\/cafe-milano-blend\/"]}]},{"@type":"BreadcrumbList","@id":"https:\/\/yoguicafe.mx\/index.php\/producto\/cafe-milano-blend\/#breadcrumb","itemListElement":[{"@type":"ListItem","position":1,"name":"Portada","item":"https:\/\/yoguicafe.mx\/"},{"@type":"ListItem","position":2,"name":"Shop","item":"https:\/\/yoguicafe.mx\/index.php\/shop\/"},{"@type":"ListItem","position":3,"name":"Milano"}]},{"@type":"WebSite","@id":"https:\/\/yoguicafe.mx\/#website","url":"https:\/\/yoguicafe.mx\/","name":"Yogui Caf\u00e9","description":"Caf\u00e9, arte y smoothies","publisher":{"@id":"https:\/\/yoguicafe.mx\/#organization"},"potentialAction":[{"@type":"SearchAction","target":{"@type":"EntryPoint","urlTemplate":"https:\/\/yoguicafe.mx\/?s={search_term_string}"},"query-input":"required name=search_term_string"}],"inLanguage":"es"},{"@type":"Organization","@id":"https:\/\/yoguicafe.mx\/#organization","name":"Yogui Caf\u00e9","url":"https:\/\/yoguicafe.mx\/","logo":{"@type":"ImageObject","inLanguage":"es","@id":"https:\/\/yoguicafe.mx\/#\/schema\/logo\/image\/","url":"https:\/\/yoguicafe.mx\/wp-content\/uploads\/2023\/03\/LOGO-YOGUI_OK.png","contentUrl":"https:\/\/yoguicafe.mx\/wp-content\/uploads\/2023\/03\/LOGO-YOGUI_OK.png","width":394,"height":155,"caption":"Yogui Caf\u00e9"},"image":{"@id":"https:\/\/yoguicafe.mx\/#\/schema\/logo\/image\/"}}]}},"_links":{"self":[{"href":"https:\/\/yoguicafe.mx\/index.php\/wp-json\/wp\/v2\/product\/15656","targetHints":{"allow":["GET"]}}],"collection":[{"href":"https:\/\/yoguicafe.mx\/index.php\/wp-json\/wp\/v2\/product"}],"about":[{"href":"https:\/\/yoguicafe.mx\/index.php\/wp-json\/wp\/v2\/types\/product"}],"replies":[{"embeddable":true,"href":"https:\/\/yoguicafe.mx\/index.php\/wp-json\/wp\/v2\/comments?post=15656"}],"version-history":[{"count":4,"href":"https:\/\/yoguicafe.mx\/index.php\/wp-json\/wp\/v2\/product\/15656\/revisions"}],"predecessor-version":[{"id":15666,"href":"https:\/\/yoguicafe.mx\/index.php\/wp-json\/wp\/v2\/product\/15656\/revisions\/15666"}],"wp:featuredmedia":[{"embeddable":true,"href":"https:\/\/yoguicafe.mx\/index.php\/wp-json\/wp\/v2\/media\/15661"}],"wp:attachment":[{"href":"https:\/\/yoguicafe.mx\/index.php\/wp-json\/wp\/v2\/media?parent=15656"}],"wp:term":[{"taxonomy":"product_cat","embeddable":true,"href":"https:\/\/yoguicafe.mx\/index.php\/wp-json\/wp\/v2\/product_cat?post=15656"},{"taxonomy":"product_tag","embeddable":true,"href":"https:\/\/yoguicafe.mx\/index.php\/wp-json\/wp\/v2\/product_tag?post=15656"}],"curies":[{"name":"wp","href":"https:\/\/api.w.org\/{rel}","templated":true}]}}